{"id":443,"date":"2015-11-09T19:46:25","date_gmt":"2015-11-09T19:46:25","guid":{"rendered":"https:\/\/www.taoistarts.org\/?page_id=443"},"modified":"2019-06-10T17:04:28","modified_gmt":"2019-06-10T16:04:28","slug":"li-family-arts-the-eight-strands-of-the-brocade","status":"publish","type":"page","link":"https:\/\/www.taoistarts.org\/de\/li-family-arts-the-eight-strands-of-the-brocade\/","title":{"rendered":"Li K\u00fcnste und Taoismus"},"content":{"rendered":"<div class=\"wpb-content-wrapper\"><p>[vc_row css=&#8220;.vc_custom_1439313789035{margin-top: -70px !important;}&#8220;][vc_column el_class=&#8220;tao-tabs&#8220;][vc_row_inner][vc_column_inner][\/vc_column_inner][\/vc_row_inner][vc_row_inner][vc_column_inner width=&#8220;1\/2&#8243; css=&#8220;.vc_custom_1443702309703{margin-top: -10px !important;}&#8220;][vc_column_text]<\/p>\n<h1>Li Familien K\u00fcnste und die Acht F\u00e4den des Brokat<\/h1>\n<p>Das Li Familien System besteht aus acht verschiedenen Heil- und Bewegungsk\u00fcnsten die zusammenfassend als die \u201cAcht F\u00e4den des Brokat\u201d bezeichnet werden. (Den gleichen Namen tr\u00e4gt auch noch eine Qi Gong Reihe des Li Stils). Die einzelnen F\u00e4den repr\u00e4sentieren die eigenenst\u00e4ndigen K\u00fcnste. Miteinander verwoben k\u00f6nnen sie den komplexen Lebensteppich jedes Individuums bereichern: Auf k\u00f6rperlicher Ebene Sicherheit und Gesundheit verbessern; auf seelischen und geistigen Ebenen die Entwicklung anregen und voranbringen.<\/p>\n<p>In unseren Kursen und Wochenenden werden alle Bewegungsk\u00fcnste unterrichtet: Tai Chi Chuan, welches vollst\u00e4ndige Heilkunst und herausragende Kampfkunst in sich vereint. Die Kampfk\u00fcnste Fengshou, Chi Shu und Shuaijiao widmen sich jeweils bestimmten Aspekten des Li Systems, wie Sparring, Greifen, Hebeln, W\u00fcrfen und Ringen. All diese Techniken sind aus dem Tai Chi entstanden, welches sie allesamt umfasst.<\/p>\n<p>Die vielen \u00dcbungen der Bereiche Kai Men und Tao Yin sind reine Heil\u00fcbungen. Gleichzeitig verbessern sie das Tai Chi Chuan und die F\u00e4higkeiten in den anderen Bewegungsk\u00fcnsten.<\/p>\n<p><span style=\"line-height: 1.5;\"><\/span>[\/vc_column_text][\/vc_column_inner][vc_column_inner width=&#8220;1\/2&#8243; css=&#8220;.vc_custom_1443702321926{margin-top: 10px !important;}&#8220;][vc_gallery interval=&#8220;3&#8243; images=&#8220;155&#8243; img_size=&#8220;full&#8220; el_class=&#8220;tao-gallery&#8220;][\/vc_column_inner][\/vc_row_inner][\/vc_column][\/vc_row][vc_row css=&#8220;.vc_custom_1439365968378{margin-bottom: -60px !important;}&#8220;][vc_column][vc_separator][\/vc_column][\/vc_row]<\/p>\n<\/div>","protected":false},"excerpt":{"rendered":"<p>[vc_row css=&#8220;.vc_custom_1439313789035{margin-top: -70px !important;}&#8220;][vc_column el_class=&#8220;tao-tabs&#8220;][vc_row_inner][vc_column_inner][\/vc_column_inner][\/vc_row_inner][vc_row_inner][vc_column_inner width=&#8220;1\/2&#8243; css=&#8220;.vc_custom_1443702309703{margin-top: -10px !important;}&#8220;][vc_column_text] Li Familien K\u00fcnste und die Acht F\u00e4den des Brokat Das Li Familien System besteht aus acht verschiedenen Heil- und Bewegungsk\u00fcnsten die zusammenfassend als die \u201cAcht F\u00e4den des Brokat\u201d bezeichnet werden. (Den gleichen Namen tr\u00e4gt auch noch eine Qi Gong Reihe des Li Stils). Die einzelnen F\u00e4den [&hellip;]<\/p>\n","protected":false},"author":105,"featured_media":0,"parent":0,"menu_order":0,"comment_status":"open","ping_status":"closed","template":"li-arts-template.php","meta":{"_themeisle_gutenberg_block_has_review":false,"footnotes":""},"class_list":["post-443","page","type-page","status-publish","hentry"],"_links":{"self":[{"href":"https:\/\/www.taoistarts.org\/de\/wp-json\/wp\/v2\/pages\/443","targetHints":{"allow":["GET"]}}],"collection":[{"href":"https:\/\/www.taoistarts.org\/de\/wp-json\/wp\/v2\/pages"}],"about":[{"href":"https:\/\/www.taoistarts.org\/de\/wp-json\/wp\/v2\/types\/page"}],"author":[{"embeddable":true,"href":"https:\/\/www.taoistarts.org\/de\/wp-json\/wp\/v2\/users\/105"}],"replies":[{"embeddable":true,"href":"https:\/\/www.taoistarts.org\/de\/wp-json\/wp\/v2\/comments?post=443"}],"version-history":[{"count":0,"href":"https:\/\/www.taoistarts.org\/de\/wp-json\/wp\/v2\/pages\/443\/revisions"}],"wp:attachment":[{"href":"https:\/\/www.taoistarts.org\/de\/wp-json\/wp\/v2\/media?parent=443"}],"curies":[{"name":"wp","href":"https:\/\/api.w.org\/{rel}","templated":true}]}}