{"id":232,"date":"2015-09-30T14:56:31","date_gmt":"2015-09-30T13:56:31","guid":{"rendered":"https:\/\/www.taoistarts.org\/?page_id=232"},"modified":"2019-06-10T17:10:38","modified_gmt":"2019-06-10T16:10:38","slug":"technical-director-information","status":"publish","type":"page","link":"https:\/\/www.taoistarts.org\/fr\/about-the-tao\/technical-director-information\/","title":{"rendered":"Technical Director"},"content":{"rendered":"<div class=\"wpb-content-wrapper\"><p>[vc_row css=\u00a0\u00bb.vc_custom_1439313789035{margin-top: -70px !important;}\u00a0\u00bb][vc_column el_class=\u00a0\u00bbtao-tabs\u00a0\u00bb][vc_row_inner][vc_column_inner][vc_single_image image=\u00a0\u00bb183&Prime; img_size=\u00a0\u00bbfull\u00a0\u00bb alignment=\u00a0\u00bbcenter\u00a0\u00bb el_class=\u00a0\u00bbabout-us-banners\u00a0\u00bb css=\u00a0\u00bb.vc_custom_1443621629024{margin-top: 20px !important;}\u00a0\u00bb][\/vc_column_inner][\/vc_row_inner][vc_row_inner][vc_column_inner width=\u00a0\u00bb1\/2&Prime; css=\u00a0\u00bb.vc_custom_1443702365278{margin-top: -10px !important;}\u00a0\u00bb][vc_column_text]<\/p>\n<h1>Notre directeur technique Tony Swanson<\/h1>\n<p>Tony \u00e9tait d\u00e9j\u00e0 2\u00e8me Dan de Karate Wadu Ryu quand en 1968 il rencontre Chee Soo pour la premi\u00e8re fois. Il s\u2019entrai\u0302nera avec lui dans tous les aspects du syst\u00e8me du style Li jusqu\u2019a\u0300 la mort de celui ci en 1994. A ce moment l\u00e0, Tony \u00e9tait l\u2019un des deux \u00e9l\u00e8ves les plus anciens et plus grad\u00e9s du syst\u00e8me ; il \u00e9tait d\u00e9j\u00e0 reconnu internationalement comme un artiste martial accompli et avait remport\u00e9 de nombreux succ\u00e8s en comp\u00e9tition.<\/p>\n<p>Plus de 30 instructeurs form\u00e9s par Chee Soo ont voulu que ce soit lui qui devienne le directeur technique de TAO en raison de sa connaissance et de sa compr\u00e9hension \u00e9tendue des arts. Le travail qu\u2019il a effectu\u00e9 au sein de TAO a largement d\u00e9montr\u00e9 ses capacit\u00e9s d&rsquo;entra\u00eeneur et de professeur ; sous ses instructions les \u00e9tudiants se sont \u00e9panouis \u00e0 tous les niveaux. Les instructeurs sont de meilleurs enseignants, les \u00e9l\u00e8ves sont de meilleurs pratiquants.<\/p>\n<p>Ce m\u00e9rite est corrobor\u00e9 par les succ\u00e8s des ses \u00e9l\u00e8ves en combat et d\u00e9monstration de formes \u00e0 tous les niveaux de comp\u00e9tition. Tony a \u00e9t\u00e9 l&rsquo;entra\u00eeneur de l\u2019\u00e9quipe de la Grande -Bretagne ainsi que juge lors de comp\u00e9titions nationales et internationales. Bien que ce soit un homme modeste, son expertise et sa sagesse sont telles que ses avis sont recherch\u00e9s et estim\u00e9s par des sp\u00e9cialistes du monde entier. Il est actuellement le pr\u00e9sident du BCCMA, l\u2019instance dirigeante pour les Arts Martiaux Chinois en Grande-Bretagne.<br \/>\n[\/vc_column_text][\/vc_column_inner][vc_column_inner width=\u00a0\u00bb1\/2&Prime; css=\u00a0\u00bb.vc_custom_1443702376076{margin-top: 10px !important;}\u00a0\u00bb][vc_gallery interval=\u00a0\u00bb3&Prime; images=\u00a0\u00bb155,483&Prime; img_size=\u00a0\u00bbfull\u00a0\u00bb el_class=\u00a0\u00bbtao-gallery\u00a0\u00bb][\/vc_column_inner][\/vc_row_inner][\/vc_column][\/vc_row][vc_row css=\u00a0\u00bb.vc_custom_1439365968378{margin-bottom: -60px !important;}\u00a0\u00bb][vc_column][vc_separator][\/vc_column][\/vc_row]<\/p>\n<\/div>","protected":false},"excerpt":{"rendered":"<p>[vc_row css=\u00a0\u00bb.vc_custom_1439313789035{margin-top: -70px !important;}\u00a0\u00bb][vc_column el_class=\u00a0\u00bbtao-tabs\u00a0\u00bb][vc_row_inner][vc_column_inner][vc_single_image image=\u00a0\u00bb183&Prime; img_size=\u00a0\u00bbfull\u00a0\u00bb alignment=\u00a0\u00bbcenter\u00a0\u00bb el_class=\u00a0\u00bbabout-us-banners\u00a0\u00bb css=\u00a0\u00bb.vc_custom_1443621629024{margin-top: 20px !important;}\u00a0\u00bb][\/vc_column_inner][\/vc_row_inner][vc_row_inner][vc_column_inner width=\u00a0\u00bb1\/2&Prime; css=\u00a0\u00bb.vc_custom_1443702365278{margin-top: -10px !important;}\u00a0\u00bb][vc_column_text] Notre directeur technique Tony Swanson Tony \u00e9tait d\u00e9j\u00e0 2\u00e8me Dan de Karate Wadu Ryu quand en 1968 il rencontre Chee Soo pour la premi\u00e8re fois. Il s\u2019entrai\u0302nera avec lui dans tous les aspects du syst\u00e8me du style Li jusqu\u2019a\u0300 [&hellip;]<\/p>\n","protected":false},"author":105,"featured_media":0,"parent":135,"menu_order":0,"comment_status":"open","ping_status":"closed","template":"about-us-template.php","meta":{"_themeisle_gutenberg_block_has_review":false,"footnotes":""},"class_list":["post-232","page","type-page","status-publish","hentry"],"_links":{"self":[{"href":"https:\/\/www.taoistarts.org\/fr\/wp-json\/wp\/v2\/pages\/232","targetHints":{"allow":["GET"]}}],"collection":[{"href":"https:\/\/www.taoistarts.org\/fr\/wp-json\/wp\/v2\/pages"}],"about":[{"href":"https:\/\/www.taoistarts.org\/fr\/wp-json\/wp\/v2\/types\/page"}],"author":[{"embeddable":true,"href":"https:\/\/www.taoistarts.org\/fr\/wp-json\/wp\/v2\/users\/105"}],"replies":[{"embeddable":true,"href":"https:\/\/www.taoistarts.org\/fr\/wp-json\/wp\/v2\/comments?post=232"}],"version-history":[{"count":0,"href":"https:\/\/www.taoistarts.org\/fr\/wp-json\/wp\/v2\/pages\/232\/revisions"}],"up":[{"embeddable":true,"href":"https:\/\/www.taoistarts.org\/fr\/wp-json\/wp\/v2\/pages\/135"}],"wp:attachment":[{"href":"https:\/\/www.taoistarts.org\/fr\/wp-json\/wp\/v2\/media?parent=232"}],"curies":[{"name":"wp","href":"https:\/\/api.w.org\/{rel}","templated":true}]}}