{"id":504,"date":"2015-11-10T14:04:39","date_gmt":"2015-11-10T14:04:39","guid":{"rendered":"https:\/\/www.taoistarts.org\/?page_id=504"},"modified":"2022-06-13T22:00:33","modified_gmt":"2022-06-13T21:00:33","slug":"students","status":"publish","type":"page","link":"https:\/\/www.taoistarts.org\/fr\/students\/","title":{"rendered":"El\u00e8ves"},"content":{"rendered":"<div class=\"wpb-content-wrapper\"><p>[vc_row][vc_column][vc_column_text]<span>Bienvenue dans votre espace \u00e9l\u00e8ves, vous y trouverez des annonces et des articles r\u00e9serv\u00e9s aux membres de TAO. Utilisez la navigation ci-dessus pour voir plus de contenus pour les membres.<\/span>.[\/vc_column_text][\/vc_column][\/vc_row][vc_row][vc_column][vc_basic_grid post_type=\u00a0\u00bbpost\u00a0\u00bb max_items=\u00a0\u00bb10&Prime; style=\u00a0\u00bbload-more\u00a0\u00bb item=\u00a0\u00bbmasonryGrid_Default\u00a0\u00bb btn_add_icon=\u00a0\u00bbtrue\u00a0\u00bb btn_custom_onclick=\u00a0\u00bbtrue\u00a0\u00bb grid_id=\u00a0\u00bbvc_gid:1595335673470-a871a43a-d15a-4&Prime; taxonomies=\u00a0\u00bb25&Prime;][\/vc_column][\/vc_row][vc_row][vc_column][vc_raw_html]JTNDc3R5bGUlM0UlMEEudmNfZ3JpZC1pdGVtLW1pbmklN0IlMEFiYWNrZ3JvdW5kLWNvbG9yJTNBJTIzZjRmNGY0JTNCJTBBYm9yZGVyLXJhZGl1cyUzQSUyMDE1cHglM0IlMEElN0QlMEEudmNfZ2l0ZW0tem9uZSU3QiUwQWJhY2tncm91bmQtY29sb3IlM0ElMjNmNGY0ZjQlM0IlMEFib3JkZXItcmFkaXVzJTNBJTIwMTVweCUzQiUwQSU3RCUwQSUzQyUyRnN0eWxlJTNF[\/vc_raw_html][\/vc_column][\/vc_row]<\/p>\n<\/div>","protected":false},"excerpt":{"rendered":"<p>[vc_row][vc_column][vc_column_text]Bienvenue dans votre espace \u00e9l\u00e8ves, vous y trouverez des annonces et des articles r\u00e9serv\u00e9s aux membres de TAO. Utilisez la navigation ci-dessus pour voir plus de contenus pour les membres..[\/vc_column_text][\/vc_column][\/vc_row][vc_row][vc_column][vc_basic_grid post_type=\u00a0\u00bbpost\u00a0\u00bb max_items=\u00a0\u00bb10&Prime; style=\u00a0\u00bbload-more\u00a0\u00bb item=\u00a0\u00bbmasonryGrid_Default\u00a0\u00bb btn_add_icon=\u00a0\u00bbtrue\u00a0\u00bb btn_custom_onclick=\u00a0\u00bbtrue\u00a0\u00bb grid_id=\u00a0\u00bbvc_gid:1595335673470-a871a43a-d15a-4&Prime; taxonomies=\u00a0\u00bb25&Prime;][\/vc_column][\/vc_row][vc_row][vc_column][vc_raw_html]JTNDc3R5bGUlM0UlMEEudmNfZ3JpZC1pdGVtLW1pbmklN0IlMEFiYWNrZ3JvdW5kLWNvbG9yJTNBJTIzZjRmNGY0JTNCJTBBYm9yZGVyLXJhZGl1cyUzQSUyMDE1cHglM0IlMEElN0QlMEEudmNfZ2l0ZW0tem9uZSU3QiUwQWJhY2tncm91bmQtY29sb3IlM0ElMjNmNGY0ZjQlM0IlMEFib3JkZXItcmFkaXVzJTNBJTIwMTVweCUzQiUwQSU3RCUwQSUzQyUyRnN0eWxlJTNF[\/vc_raw_html][\/vc_column][\/vc_row]<\/p>\n","protected":false},"author":105,"featured_media":0,"parent":0,"menu_order":0,"comment_status":"open","ping_status":"closed","template":"students.php","meta":{"_themeisle_gutenberg_block_has_review":false,"footnotes":""},"class_list":["post-504","page","type-page","status-publish","hentry"],"_links":{"self":[{"href":"https:\/\/www.taoistarts.org\/fr\/wp-json\/wp\/v2\/pages\/504","targetHints":{"allow":["GET"]}}],"collection":[{"href":"https:\/\/www.taoistarts.org\/fr\/wp-json\/wp\/v2\/pages"}],"about":[{"href":"https:\/\/www.taoistarts.org\/fr\/wp-json\/wp\/v2\/types\/page"}],"author":[{"embeddable":true,"href":"https:\/\/www.taoistarts.org\/fr\/wp-json\/wp\/v2\/users\/105"}],"replies":[{"embeddable":true,"href":"https:\/\/www.taoistarts.org\/fr\/wp-json\/wp\/v2\/comments?post=504"}],"version-history":[{"count":4,"href":"https:\/\/www.taoistarts.org\/fr\/wp-json\/wp\/v2\/pages\/504\/revisions"}],"predecessor-version":[{"id":4381,"href":"https:\/\/www.taoistarts.org\/fr\/wp-json\/wp\/v2\/pages\/504\/revisions\/4381"}],"wp:attachment":[{"href":"https:\/\/www.taoistarts.org\/fr\/wp-json\/wp\/v2\/media?parent=504"}],"curies":[{"name":"wp","href":"https:\/\/api.w.org\/{rel}","templated":true}]}}